{"id":99,"date":"2020-05-21T20:56:57","date_gmt":"2020-05-21T18:56:57","guid":{"rendered":"http:\/\/kie.ue.poznan.pl\/pl\/?page_id=99"},"modified":"2021-09-30T17:33:38","modified_gmt":"2021-09-30T15:33:38","slug":"elzbieta-danecka","status":"publish","type":"page","link":"https:\/\/kie.ue.poznan.pl\/pl\/elzbieta-danecka\/","title":{"rendered":"dr El\u017cbieta Danecka"},"content":{"rendered":"<table style=\"float: right !important; margin-left: 1em; margin-bottom: 0.5em; width: 140px; border: #ccc solid 1px; text-align: left; background-color: #FFF; display:table;\">\n<tr>\n<td><img decoding=\"async\" src=\"\/img\/members\/ED.png\" \/><\/td>\n<\/tr>\n<\/table>\n<p><strong>dr El\u017cbieta Danecka<\/strong><br \/>\n<em><a href=\"\/pl\/byli-pracownicy\/\">By\u0142y pracownik KIE<\/a> (Starszy wyk\u0142adowca)<\/em><\/p>\n<ul>\n<li>E-mail: elzbieta.danecka@ue.poznan.pl<\/li>\n<li>Telefon: +48 (61) 639-27-88<\/li>\n<\/ul>\n","protected":false},"excerpt":{"rendered":"<p>dr El\u017cbieta Danecka By\u0142y pracownik KIE (Starszy wyk\u0142adowca) E-mail: elzbieta.danecka@ue.poznan.pl Telefon: +48 (61) 639-27-88<\/p>\n","protected":false},"author":1,"featured_media":0,"parent":0,"menu_order":0,"comment_status":"closed","ping_status":"closed","template":"","meta":{"footnotes":""},"class_list":["post-99","page","type-page","status-publish","hentry"],"_links":{"self":[{"href":"https:\/\/kie.ue.poznan.pl\/pl\/wp-json\/wp\/v2\/pages\/99","targetHints":{"allow":["GET"]}}],"collection":[{"href":"https:\/\/kie.ue.poznan.pl\/pl\/wp-json\/wp\/v2\/pages"}],"about":[{"href":"https:\/\/kie.ue.poznan.pl\/pl\/wp-json\/wp\/v2\/types\/page"}],"author":[{"embeddable":true,"href":"https:\/\/kie.ue.poznan.pl\/pl\/wp-json\/wp\/v2\/users\/1"}],"replies":[{"embeddable":true,"href":"https:\/\/kie.ue.poznan.pl\/pl\/wp-json\/wp\/v2\/comments?post=99"}],"version-history":[{"count":0,"href":"https:\/\/kie.ue.poznan.pl\/pl\/wp-json\/wp\/v2\/pages\/99\/revisions"}],"wp:attachment":[{"href":"https:\/\/kie.ue.poznan.pl\/pl\/wp-json\/wp\/v2\/media?parent=99"}],"curies":[{"name":"wp","href":"https:\/\/api.w.org\/{rel}","templated":true}]}}